{"id":193,"date":"2025-01-30T07:46:14","date_gmt":"2025-01-30T06:46:14","guid":{"rendered":"https:\/\/www.kunstpavillonburgbrohl.de\/cookie-richtlinien-copy\/"},"modified":"2025-02-05T23:05:31","modified_gmt":"2025-02-05T22:05:31","slug":"allgemeine-geschaeftsbedingungen","status":"publish","type":"page","link":"https:\/\/www.kunstpavillonburgbrohl.de\/en\/allgemeine-geschaeftsbedingungen\/","title":{"rendered":"AGBs"},"content":{"rendered":"<div data-elementor-type=\"wp-page\" data-elementor-id=\"193\" class=\"elementor elementor-193\" data-elementor-post-type=\"page\">\n\t\t\t\t<div class=\"elementor-element elementor-element-777cdad e-flex e-con-boxed e-con e-parent\" data-id=\"777cdad\" data-element_type=\"container\" data-e-type=\"container\" data-settings=\"{&quot;background_background&quot;:&quot;classic&quot;}\">\n\t\t\t\t\t<div class=\"e-con-inner\">\n\t\t<div class=\"elementor-element elementor-element-b81dc45 e-con-full e-flex e-con e-child\" data-id=\"b81dc45\" data-element_type=\"container\" data-e-type=\"container\">\n\t\t\t\t<div class=\"elementor-element elementor-element-a55a245 elementor-widget elementor-widget-heading\" data-id=\"a55a245\" data-element_type=\"widget\" data-e-type=\"widget\" data-widget_type=\"heading.default\">\n\t\t\t\t<div class=\"elementor-widget-container\">\n\t\t\t\t\t<h2 class=\"elementor-heading-title elementor-size-default\">Allgemeine Gesch\u00e4ftsbedingungen<\/h2>\t\t\t\t<\/div>\n\t\t\t\t<\/div>\n\t\t\t\t<\/div>\n\t\t\t\t\t<\/div>\n\t\t\t\t<\/div>\n\t\t<div class=\"elementor-element elementor-element-6b93bea e-flex e-con-boxed e-con e-parent\" data-id=\"6b93bea\" data-element_type=\"container\" data-e-type=\"container\">\n\t\t\t\t\t<div class=\"e-con-inner\">\n\t\t<div class=\"elementor-element elementor-element-9920ec8 e-con-full e-flex e-con e-child\" data-id=\"9920ec8\" data-element_type=\"container\" data-e-type=\"container\">\n\t\t\t\t<div class=\"elementor-element elementor-element-16e573e elementor-widget elementor-widget-text-editor\" data-id=\"16e573e\" data-element_type=\"widget\" data-e-type=\"widget\" data-widget_type=\"text-editor.default\">\n\t\t\t\t<div class=\"elementor-widget-container\">\n\t\t\t\t\t\t\t\t\t<h3>AGBs<\/h3><p>Zu jedem Kurs der KunstWerkstatt ist eine schriftliche Anmeldung mit der Angabe von Namen, Anschrift und Geburtsdatum des Kindes notwendig. Bitte senden Sie die Anmeldung per E-Mail an: Aim.eV@t-online.de oder bringen Sie sie bei uns vorbei. Nach Ihrer Anmeldung erhalten Sie eine verbindliche Anmeldebest\u00e4tigung mit der Zahlungsaufforderung.<br \/><br \/>Der Kursbeitrag ist bis eine Woche vor Beginn des Angebots zu zahlen. M\u00f6glich in Form einer \u00dcberweisung oder Bar gegen eine Quittung.<br \/><br \/><\/p><h4>Erm\u00e4\u00dfigung des Kursbeitrages:<\/h4><p>Werden mehrere Kurse in einem Halbjahr von einer Person belegt, verringern sich die Teilnahmekosten f\u00fcr den zweiten und die weiteren Kurse um 20 Prozent, sofern sie ein Angebot zur selben Zeit besuchen.<br \/><br \/>Kinder von Alleinerziehenden und Sozialhilfe-Empfangenden erhalten 25 Prozent Erm\u00e4\u00dfigung auf alle Angebote der KunstWerkstatt.<br \/><br \/>Die KunstWerkstatt gew\u00e4hrt jeweils nur eine Form der erm\u00e4\u00dfigten Teilnahmegeb\u00fchren.<br \/><br \/><\/p><h4>R\u00fccktritt\/K\u00fcndigung:<\/h4><p>Bei R\u00fccktritt von einem Angebot f\u00e4llt eine aufwandsabh\u00e4ngige, stornierte Geb\u00fchr an:<br \/><br \/>Von der Anmeldung kann bis zu zwei Wochen vor Kurs-, Workshop- oder Projektbeginn kostenlos zur\u00fcckgetreten werden. Bei einem R\u00fccktritt bis eine Woche vor Kursbeginn stellen wir 50% der Workshop-Kosten in Rechnung. Zu einem sp\u00e4teren R\u00fccktritt werden 100% berechnet, es sei denn Sie finden eine Ersatzperson, die f\u00fcr Sie die Kosten \u00fcbernimmt.<br \/><br \/><\/p><h4>Bankverbindung:<\/h4><p>KSK Mayen | IBAN: DE52 5765 0010 0098 0362 54<br \/><br \/>Stichwort: KunstWerkstatt plus Name des Kurses und ggf. Ferien-Woche.<\/p>\t\t\t\t\t\t\t\t<\/div>\n\t\t\t\t<\/div>\n\t\t\t\t<\/div>\n\t\t\t\t\t<\/div>\n\t\t\t\t<\/div>\n\t\t\t\t<\/div>","protected":false},"excerpt":{"rendered":"<p>Allgemeine Gesch\u00e4ftsbedingungen AGBs Zu jedem Kurs der KunstWerkstatt ist eine schriftliche Anmeldung mit der Angabe von Namen, Anschrift und Geburtsdatum des Kindes notwendig. Bitte senden Sie die Anmeldung per E-Mail an: Aim.eV@t-online.de oder bringen Sie sie bei uns vorbei. Nach Ihrer Anmeldung erhalten Sie eine verbindliche Anmeldebest\u00e4tigung mit der Zahlungsaufforderung. Der Kursbeitrag ist bis eine [&hellip;]<\/p>\n","protected":false},"author":1,"featured_media":0,"parent":0,"menu_order":0,"comment_status":"closed","ping_status":"closed","template":"elementor_header_footer","meta":{"_acf_changed":false,"footnotes":""},"class_list":["post-193","page","type-page","status-publish","hentry"],"acf":[],"_links":{"self":[{"href":"https:\/\/www.kunstpavillonburgbrohl.de\/en\/wp-json\/wp\/v2\/pages\/193","targetHints":{"allow":["GET"]}}],"collection":[{"href":"https:\/\/www.kunstpavillonburgbrohl.de\/en\/wp-json\/wp\/v2\/pages"}],"about":[{"href":"https:\/\/www.kunstpavillonburgbrohl.de\/en\/wp-json\/wp\/v2\/types\/page"}],"author":[{"embeddable":true,"href":"https:\/\/www.kunstpavillonburgbrohl.de\/en\/wp-json\/wp\/v2\/users\/1"}],"replies":[{"embeddable":true,"href":"https:\/\/www.kunstpavillonburgbrohl.de\/en\/wp-json\/wp\/v2\/comments?post=193"}],"version-history":[{"count":7,"href":"https:\/\/www.kunstpavillonburgbrohl.de\/en\/wp-json\/wp\/v2\/pages\/193\/revisions"}],"predecessor-version":[{"id":1233,"href":"https:\/\/www.kunstpavillonburgbrohl.de\/en\/wp-json\/wp\/v2\/pages\/193\/revisions\/1233"}],"wp:attachment":[{"href":"https:\/\/www.kunstpavillonburgbrohl.de\/en\/wp-json\/wp\/v2\/media?parent=193"}],"curies":[{"name":"wp","href":"https:\/\/api.w.org\/{rel}","templated":true}]}}